{"id":4703,"date":"2022-04-14T10:02:19","date_gmt":"2022-04-14T10:02:19","guid":{"rendered":"http:\/\/clubtenerifemasters.com\/?page_id=4703"},"modified":"2025-08-26T07:18:10","modified_gmt":"2025-08-26T07:18:10","slug":"inscripcion-club-tenerife-masters","status":"publish","type":"page","link":"https:\/\/clubtenerifemasters.com\/index.php\/inscripcion-club-tenerife-masters\/","title":{"rendered":"Inscripciones Club Tenerife Masters"},"content":{"rendered":"\n<div style=\"height:25px\" aria-hidden=\"true\" class=\"wp-block-spacer\"><\/div>\n\n\n\n<figure class=\"wp-block-image alignfull size-large\"><img loading=\"lazy\" decoding=\"async\" width=\"1024\" height=\"519\" src=\"http:\/\/clubtenerifemasters.com\/wp-content\/uploads\/2023\/06\/Cto.-Regional-Master-de-Verano-259-copia-1024x519.jpg\" alt=\"\" class=\"wp-image-7364\" srcset=\"https:\/\/clubtenerifemasters.com\/wp-content\/uploads\/2023\/06\/Cto.-Regional-Master-de-Verano-259-copia-1024x519.jpg 1024w, https:\/\/clubtenerifemasters.com\/wp-content\/uploads\/2023\/06\/Cto.-Regional-Master-de-Verano-259-copia-300x152.jpg 300w, https:\/\/clubtenerifemasters.com\/wp-content\/uploads\/2023\/06\/Cto.-Regional-Master-de-Verano-259-copia-768x389.jpg 768w, https:\/\/clubtenerifemasters.com\/wp-content\/uploads\/2023\/06\/Cto.-Regional-Master-de-Verano-259-copia-1536x778.jpg 1536w, https:\/\/clubtenerifemasters.com\/wp-content\/uploads\/2023\/06\/Cto.-Regional-Master-de-Verano-259-copia-2048x1037.jpg 2048w, https:\/\/clubtenerifemasters.com\/wp-content\/uploads\/2023\/06\/Cto.-Regional-Master-de-Verano-259-copia-600x304.jpg 600w\" sizes=\"auto, (max-width: 1024px) 100vw, 1024px\" \/><\/figure>\n\n\n\n<div style=\"height:25px\" aria-hidden=\"true\" class=\"wp-block-spacer\"><\/div>\n\n\n\n<h4 class=\"wp-block-heading\">Formar parte de este Club es muy sencillo y econ\u00f3mico <\/h4>\n\n\n\n<p class=\"has-black-color has-text-color\" style=\"font-size:18px\">* Tan s\u00f3lo hay que rellenar la ficha de inscripci\u00f3n y abonar 50\u20ac en una sola cuota anual (2025).<\/p>\n\n\n\n<h4 class=\"wp-block-heading\">Para poder entrenar con nosotros <\/h4>\n\n\n\n<p class=\"has-black-color has-text-color\" style=\"font-size:18px\">* Deber\u00e1s tener emitida la Licencia Regional, que da derecho a participar en las Competiciones de la Liga Territorial, as\u00ed como en los distintos Campeonatos de Canarias M\u00e1sters, y dem\u00e1s competiciones amparadas por la Federaci\u00f3n Canaria de Nataci\u00f3n, como la Copa Canaria de Aguas Abiertas. <\/p>\n\n\n\n<h4 class=\"wp-block-heading\">Tasas<\/h4>\n\n\n\n<p class=\"has-black-color has-text-color\" style=\"font-size:18px\">* La tasa de la Licencia Regional de la Federaci\u00f3n Canaria de Nataci\u00f3n es de 45\u20ac, y si quisieras sacar una segunda licencia (aguas abiertas, \u2026) ser\u00edan 20\u20ac adicionales. Si est\u00e1s interesado, interesada en unirte a nuestro club. Rellena el formulario de inscripci\u00f3n.<\/p>\n\n\n\n<div style=\"height:15px\" aria-hidden=\"true\" class=\"wp-block-spacer\"><\/div>\n\n\n\n<h4 class=\"wp-block-heading\">Nota informativa: Aguas Abiertas<\/h4>\n\n\n\n<p class=\"has-black-color has-text-color\" style=\"font-size:18px\">* S\u00f3lo necesario si se va a nadar la Copa Canaria de Aguas Abiertas. <a href=\"http:\/\/fedecanat.es\/owncloud\/index.php\/s\/3MA5lAFrVipl6gY?path=%2FIV%20COPA%20CANARIA%20OPEN%20DE%20AGUAS%20ABIETAS#pdfviewer\" target=\"_blank\" rel=\"noreferrer noopener\"><strong>* <\/strong><\/a><strong><a href=\"https:\/\/fedecanat.es\/owncloud\/index.php\/s\/3MA5lAFrVipl6gY?path=%2F\" target=\"_blank\" rel=\"noreferrer noopener\">Normativa Aguas Abiertas<\/a><\/strong><\/p>\n\n\n\n<hr class=\"wp-block-separator has-alpha-channel-opacity\"\/>\n\n\n\n<h4 class=\"wp-block-heading has-luminous-vivid-orange-color has-text-color has-link-color wp-elements-b5e72a909981dba270fd874f90321dc5\"><strong>Env\u00eda un email, incluyendo<\/strong> <strong>los siguientes datos<\/strong>. <\/h4>\n\n\n\n<p class=\"has-luminous-vivid-orange-color has-text-color has-link-color wp-elements-68575e58ec99536ed7e2ed0816c49b54\"><em>(Nos pondremos en contacto lo antes posible)<\/em>.<\/p>\n\n\n\n<div style=\"height:25px\" aria-hidden=\"true\" class=\"wp-block-spacer\"><\/div>\n\n\n\n<h4 class=\"wp-block-heading has-black-color has-text-color has-link-color wp-elements-60e08dbce4906d7f71b72bbce5b1bdf5\">tenerifemasters@gmail.com<\/h4>\n\n\n\n<ul class=\"wp-block-list\">\n<li><strong>Nombre Apellidos<\/strong><\/li>\n\n\n\n<li><strong>Fecha de nacimiento<\/strong><\/li>\n\n\n\n<li><strong>Marca 50 metros libres<\/strong><\/li>\n<\/ul>\n\n\n\n<div style=\"height:25px\" aria-hidden=\"true\" class=\"wp-block-spacer\"><\/div>\n\n\n\n<hr class=\"wp-block-separator has-alpha-channel-opacity\"\/>\n\n\n\n<pre class=\"wp-block-preformatted has-small-font-size\">* <a href=\"http:\/\/clubtenerifemasters.com\/wp-content\/uploads\/2024\/04\/AVISO-LEGAL-Club-Tenerife-Masters.pdf\" target=\"_blank\" rel=\"noreferrer noopener\">Aviso legal.<\/a> <br>* <a href=\"http:\/\/clubtenerifemasters.com\/wp-content\/uploads\/2024\/04\/POLITICA-DE-PRIVACIDAD-Club-Tenerife-Masters.pdf\" target=\"_blank\" rel=\"noreferrer noopener\">Pol\u00edtica de privacidad.<\/a> <br>* <a href=\"http:\/\/clubtenerifemasters.com\/wp-content\/uploads\/2024\/04\/POLITICA-DE-COOKIES-Club-Tenerife-Masters.pdf\" target=\"_blank\" rel=\"noreferrer noopener\">Pol\u00edtica de cookies.<\/a><br><\/pre>\n\n\n\n<div style=\"height:15px\" aria-hidden=\"true\" class=\"wp-block-spacer\"><\/div>\n","protected":false},"excerpt":{"rendered":"<p>Formar parte de este Club es muy sencillo y econ\u00f3mico * Tan s\u00f3lo hay que rellenar la ficha de inscripci\u00f3n y abonar 50\u20ac en una sola cuota anual (2025). Para poder entrenar con nosotros * Deber\u00e1s tener emitida la Licencia Regional, que da derecho a participar en las Competiciones de la Liga Territorial, as\u00ed como &hellip; <\/p>\n<p class=\"link-more\"><a href=\"https:\/\/clubtenerifemasters.com\/index.php\/inscripcion-club-tenerife-masters\/\" class=\"more-link\">Continue reading<span class=\"screen-reader-text\"> &#8220;Inscripciones Club Tenerife Masters&#8221;<\/span><\/a><\/p>\n","protected":false},"author":1,"featured_media":0,"parent":0,"menu_order":0,"comment_status":"closed","ping_status":"closed","template":"","meta":{"_regular_price":[],"currency_symbol":[],"_s2mail":"yes","footnotes":""},"class_list":["post-4703","page","type-page","status-publish","hentry"],"post_slider_layout_featured_media_urls":{"thumbnail":"","post_slider_layout_landscape_large":"","post_slider_layout_portrait_large":"","post_slider_layout_square_large":"","post_slider_layout_landscape":"","post_slider_layout_portrait":"","post_slider_layout_square":"","full":""},"_links":{"self":[{"href":"https:\/\/clubtenerifemasters.com\/index.php\/wp-json\/wp\/v2\/pages\/4703","targetHints":{"allow":["GET"]}}],"collection":[{"href":"https:\/\/clubtenerifemasters.com\/index.php\/wp-json\/wp\/v2\/pages"}],"about":[{"href":"https:\/\/clubtenerifemasters.com\/index.php\/wp-json\/wp\/v2\/types\/page"}],"author":[{"embeddable":true,"href":"https:\/\/clubtenerifemasters.com\/index.php\/wp-json\/wp\/v2\/users\/1"}],"replies":[{"embeddable":true,"href":"https:\/\/clubtenerifemasters.com\/index.php\/wp-json\/wp\/v2\/comments?post=4703"}],"version-history":[{"count":52,"href":"https:\/\/clubtenerifemasters.com\/index.php\/wp-json\/wp\/v2\/pages\/4703\/revisions"}],"predecessor-version":[{"id":7628,"href":"https:\/\/clubtenerifemasters.com\/index.php\/wp-json\/wp\/v2\/pages\/4703\/revisions\/7628"}],"wp:attachment":[{"href":"https:\/\/clubtenerifemasters.com\/index.php\/wp-json\/wp\/v2\/media?parent=4703"}],"curies":[{"name":"wp","href":"https:\/\/api.w.org\/{rel}","templated":true}]}}