{"id":5734,"date":"2022-04-22T13:28:39","date_gmt":"2022-04-22T13:28:39","guid":{"rendered":"http:\/\/clubtenerifemasters.com\/?page_id=5734"},"modified":"2024-12-28T10:54:40","modified_gmt":"2024-12-28T10:54:40","slug":"entrenamientos","status":"publish","type":"page","link":"https:\/\/clubtenerifemasters.com\/index.php\/entrenamientos\/","title":{"rendered":"Entrenamientos"},"content":{"rendered":"\n<div style=\"height:25px\" aria-hidden=\"true\" class=\"wp-block-spacer\"><\/div>\n\n\n\n<figure class=\"wp-block-image alignwide size-large\"><img loading=\"lazy\" decoding=\"async\" width=\"1024\" height=\"767\" src=\"https:\/\/clubtenerifemasters.com\/wp-content\/uploads\/2022\/05\/erd-1024x767.jpg\" alt=\"\" class=\"wp-image-6856\" srcset=\"https:\/\/clubtenerifemasters.com\/wp-content\/uploads\/2022\/05\/erd-1024x767.jpg 1024w, https:\/\/clubtenerifemasters.com\/wp-content\/uploads\/2022\/05\/erd-300x225.jpg 300w, https:\/\/clubtenerifemasters.com\/wp-content\/uploads\/2022\/05\/erd-768x575.jpg 768w, https:\/\/clubtenerifemasters.com\/wp-content\/uploads\/2022\/05\/erd-1536x1150.jpg 1536w, https:\/\/clubtenerifemasters.com\/wp-content\/uploads\/2022\/05\/erd-600x449.jpg 600w, https:\/\/clubtenerifemasters.com\/wp-content\/uploads\/2022\/05\/erd.jpg 1860w\" sizes=\"auto, (max-width: 1024px) 100vw, 1024px\" \/><\/figure>\n\n\n\n<div style=\"height:25px\" aria-hidden=\"true\" class=\"wp-block-spacer\"><\/div>\n\n\n\n<div class=\"wp-block-columns is-layout-flex wp-container-core-columns-is-layout-9d6595d7 wp-block-columns-is-layout-flex\">\n<div class=\"wp-block-column is-layout-flow wp-block-column-is-layout-flow\">\n<p class=\"has-black-color has-text-color\" style=\"font-size:18px\">Nuestra sede de entrenamiento se encuentra en la piscina municipal Acidalio Lorenzo de Santa Cruz de Tenerife, situada en la Avenida Benito P\u00e9rez Armas.<\/p>\n\n\n\n<p class=\"has-black-color has-text-color\" style=\"font-size:19px\">En ella nos podr\u00e1s encontrar entrenando, <\/p>\n\n\n\n<p class=\"has-black-color has-text-color\" style=\"font-size:19px\">* Lunes y Mi\u00e9rcoles de 14:00h a 16:00h<\/p>\n\n\n\n<p class=\"has-black-color has-text-color\" style=\"font-size:19px\">* Martes y Jueves de 15:00h a 17:00h<\/p>\n\n\n\n<p class=\"has-black-color has-text-color\" style=\"font-size:19px\">* Viernes de 14:00h a 16:30h<\/p>\n\n\n\n<p class=\"has-black-color has-text-color\" style=\"font-size:19px\">* S\u00e1bados de 12:00h a 14:00h<\/p>\n\n\n\n<p class=\"has-black-color has-text-color\" style=\"font-size:18px\"> * Entre los meses de Septiembre a Junio.<\/p>\n\n\n\n<p class=\"has-black-color has-text-color\" style=\"font-size:18px\"><em>Nuestro m\u00e1s sincero agradecimiento al Excmo. Ayuntamiento de Santa Cruz de Tenerife por facilitar nuestros&nbsp;entrenamientos y ayudarnos en la consecuci\u00f3n de nuestros objetivos.<\/em><\/p>\n<\/div>\n\n\n\n<div class=\"wp-block-column is-layout-flow wp-block-column-is-layout-flow\">\n<iframe src=\"https:\/\/www.google.com\/maps\/embed?pb=!1m18!1m12!1m3!1d3507.7007351297825!2d-16.266081084921343!3d28.458436382486894!2m3!1f0!2f0!3f0!3m2!1i1024!2i768!4f13.1!3m3!1m2!1s0xc41cc9a77f2d6ed%3A0xf32d69ab153938b4!2sPiscina%20Municipal%20Acidalio%20Lorenzo!5e0!3m2!1ses!2ses!4v1649915544960!5m2!1ses!2ses\" width=\"635\" height=\"350\" style=\"border:0;\" allowfullscreen=\"\" loading=\"lazy\" referrerpolicy=\"no-referrer-when-downgrade\"><\/iframe>\n<\/div>\n<\/div>\n\n\n\n<div style=\"height:15px\" aria-hidden=\"true\" class=\"wp-block-spacer\"><\/div>\n\n\n\n<h3 class=\"wp-block-heading\">Otros entrenamientos<\/h3>\n\n\n\n<p class=\"has-black-color has-text-color\" style=\"font-size:18px\">Muchos de nuestros nadadores entrenan en diversas piscinas de nuestra geograf\u00eda insular, auton\u00f3mica y nacional, y a todos ellos les llega semanalmente por correo electr\u00f3nico la rutina de entrenamientos que hacemos en nuestra sede.<\/p>\n\n\n\n<div style=\"height:15px\" aria-hidden=\"true\" class=\"wp-block-spacer\"><\/div>\n\n\n\n<figure class=\"wp-block-image alignwide size-large\"><img loading=\"lazy\" decoding=\"async\" width=\"1024\" height=\"445\" src=\"http:\/\/clubtenerifemasters.com\/wp-content\/uploads\/2022\/04\/pa\u0301gina-entrenamientos-1024x445.jpg\" alt=\"\" class=\"wp-image-5809\" srcset=\"https:\/\/clubtenerifemasters.com\/wp-content\/uploads\/2022\/04\/pa\u0301gina-entrenamientos-1024x445.jpg 1024w, https:\/\/clubtenerifemasters.com\/wp-content\/uploads\/2022\/04\/pa\u0301gina-entrenamientos-300x130.jpg 300w, https:\/\/clubtenerifemasters.com\/wp-content\/uploads\/2022\/04\/pa\u0301gina-entrenamientos-768x334.jpg 768w, https:\/\/clubtenerifemasters.com\/wp-content\/uploads\/2022\/04\/pa\u0301gina-entrenamientos-1536x667.jpg 1536w, https:\/\/clubtenerifemasters.com\/wp-content\/uploads\/2022\/04\/pa\u0301gina-entrenamientos-600x261.jpg 600w, https:\/\/clubtenerifemasters.com\/wp-content\/uploads\/2022\/04\/pa\u0301gina-entrenamientos.jpg 1600w\" sizes=\"auto, (max-width: 1024px) 100vw, 1024px\" \/><\/figure>\n","protected":false},"excerpt":{"rendered":"<p>Nuestra sede de entrenamiento se encuentra en la piscina municipal Acidalio Lorenzo de Santa Cruz de Tenerife, situada en la Avenida Benito P\u00e9rez Armas. En ella nos podr\u00e1s encontrar entrenando, * Lunes y Mi\u00e9rcoles de 14:00h a 16:00h * Martes y Jueves de 15:00h a 17:00h * Viernes de 14:00h a 16:30h * S\u00e1bados de &hellip; <\/p>\n<p class=\"link-more\"><a href=\"https:\/\/clubtenerifemasters.com\/index.php\/entrenamientos\/\" class=\"more-link\">Continue reading<span class=\"screen-reader-text\"> &#8220;Entrenamientos&#8221;<\/span><\/a><\/p>\n","protected":false},"author":1,"featured_media":0,"parent":0,"menu_order":0,"comment_status":"closed","ping_status":"closed","template":"","meta":{"_regular_price":[],"currency_symbol":[],"_s2mail":"yes","footnotes":""},"class_list":["post-5734","page","type-page","status-publish","hentry"],"post_slider_layout_featured_media_urls":{"thumbnail":"","post_slider_layout_landscape_large":"","post_slider_layout_portrait_large":"","post_slider_layout_square_large":"","post_slider_layout_landscape":"","post_slider_layout_portrait":"","post_slider_layout_square":"","full":""},"_links":{"self":[{"href":"https:\/\/clubtenerifemasters.com\/index.php\/wp-json\/wp\/v2\/pages\/5734","targetHints":{"allow":["GET"]}}],"collection":[{"href":"https:\/\/clubtenerifemasters.com\/index.php\/wp-json\/wp\/v2\/pages"}],"about":[{"href":"https:\/\/clubtenerifemasters.com\/index.php\/wp-json\/wp\/v2\/types\/page"}],"author":[{"embeddable":true,"href":"https:\/\/clubtenerifemasters.com\/index.php\/wp-json\/wp\/v2\/users\/1"}],"replies":[{"embeddable":true,"href":"https:\/\/clubtenerifemasters.com\/index.php\/wp-json\/wp\/v2\/comments?post=5734"}],"version-history":[{"count":23,"href":"https:\/\/clubtenerifemasters.com\/index.php\/wp-json\/wp\/v2\/pages\/5734\/revisions"}],"predecessor-version":[{"id":7557,"href":"https:\/\/clubtenerifemasters.com\/index.php\/wp-json\/wp\/v2\/pages\/5734\/revisions\/7557"}],"wp:attachment":[{"href":"https:\/\/clubtenerifemasters.com\/index.php\/wp-json\/wp\/v2\/media?parent=5734"}],"curies":[{"name":"wp","href":"https:\/\/api.w.org\/{rel}","templated":true}]}}