{"id":6616,"date":"2022-05-09T19:42:43","date_gmt":"2022-05-09T19:42:43","guid":{"rendered":"http:\/\/clubtenerifemasters.com\/?page_id=6616"},"modified":"2022-06-19T05:35:04","modified_gmt":"2022-06-19T05:35:04","slug":"record-de-europa","status":"publish","type":"page","link":"https:\/\/clubtenerifemasters.com\/index.php\/records\/record-de-europa\/","title":{"rendered":"R\u00e9cords de Europa"},"content":{"rendered":"\n<div style=\"height:20px\" aria-hidden=\"true\" class=\"wp-block-spacer\"><\/div>\n\n\n\n<figure class=\"wp-block-image alignfull size-large\"><img loading=\"lazy\" decoding=\"async\" width=\"1024\" height=\"427\" src=\"https:\/\/clubtenerifemasters.com\/wp-content\/uploads\/2022\/06\/20220611_2558-copia-1024x427.jpeg\" alt=\"\" class=\"wp-image-7034\" srcset=\"https:\/\/clubtenerifemasters.com\/wp-content\/uploads\/2022\/06\/20220611_2558-copia-1024x427.jpeg 1024w, https:\/\/clubtenerifemasters.com\/wp-content\/uploads\/2022\/06\/20220611_2558-copia-300x125.jpeg 300w, https:\/\/clubtenerifemasters.com\/wp-content\/uploads\/2022\/06\/20220611_2558-copia-768x320.jpeg 768w, https:\/\/clubtenerifemasters.com\/wp-content\/uploads\/2022\/06\/20220611_2558-copia-1536x640.jpeg 1536w, https:\/\/clubtenerifemasters.com\/wp-content\/uploads\/2022\/06\/20220611_2558-copia-600x250.jpeg 600w, https:\/\/clubtenerifemasters.com\/wp-content\/uploads\/2022\/06\/20220611_2558-copia.jpeg 1766w\" sizes=\"auto, (max-width: 1024px) 100vw, 1024px\" \/><figcaption><em>Fotograf\u00eda: El Objetivo de Abraham<\/em><\/figcaption><\/figure>\n\n\n\n<h3 class=\"wp-block-heading\">2016<\/h3>\n\n\n\n<div class=\"wp-block-columns has-cyan-bluish-gray-background-color has-background is-layout-flex wp-container-core-columns-is-layout-9d6595d7 wp-block-columns-is-layout-flex\">\n<div class=\"wp-block-column is-layout-flow wp-block-column-is-layout-flow\">\n<p class=\"has-black-color has-text-color\"><strong>4x100M Libres Femeninos +320<\/strong><\/p>\n\n\n\n<p class=\"has-black-color has-text-color\"><strong>2\u00aa Jornada de Liga Territorial de Primavera<\/strong><\/p>\n\n\n\n<p class=\"has-black-color has-text-color\"><strong>Piscina Acidalio Lorenzo Santa Cruz De Tenerife. 50m<\/strong>.<\/p>\n<\/div>\n\n\n\n<div class=\"wp-block-column is-layout-flow wp-block-column-is-layout-flow\">\n<ul class=\"has-black-color has-text-color wp-block-list\"><li>Hortensia P\u00e9rez +80 marca 4.20.00&nbsp;<\/li><li>Amparo Mart\u00ednez +85 marca 2.37.02&nbsp;<\/li><li>Mercedes Rodr\u00edguez +75 marca 2.15.46&nbsp;<\/li><li>Encarnaci\u00f3n Fdez. Misa +75 marca 1.56.20&nbsp;<\/li><\/ul>\n<\/div>\n<\/div>\n\n\n\n<p class=\"has-black-color has-text-color\"><\/p>\n\n\n\n<p class=\"has-black-color has-text-color\"><\/p>\n\n\n\n<p><\/p>\n\n\n\n<p><\/p>\n","protected":false},"excerpt":{"rendered":"<p>2016 4x100M Libres Femeninos +320 2\u00aa Jornada de Liga Territorial de Primavera Piscina Acidalio Lorenzo Santa Cruz De Tenerife. 50m. Hortensia P\u00e9rez +80 marca 4.20.00&nbsp; Amparo Mart\u00ednez +85 marca 2.37.02&nbsp; Mercedes Rodr\u00edguez +75 marca 2.15.46&nbsp; Encarnaci\u00f3n Fdez. Misa +75 marca 1.56.20&nbsp;<\/p>\n","protected":false},"author":1,"featured_media":0,"parent":6241,"menu_order":0,"comment_status":"closed","ping_status":"closed","template":"","meta":{"_regular_price":[],"currency_symbol":[],"_s2mail":"","footnotes":""},"class_list":["post-6616","page","type-page","status-publish","hentry"],"post_slider_layout_featured_media_urls":{"thumbnail":"","post_slider_layout_landscape_large":"","post_slider_layout_portrait_large":"","post_slider_layout_square_large":"","post_slider_layout_landscape":"","post_slider_layout_portrait":"","post_slider_layout_square":"","full":""},"_links":{"self":[{"href":"https:\/\/clubtenerifemasters.com\/index.php\/wp-json\/wp\/v2\/pages\/6616","targetHints":{"allow":["GET"]}}],"collection":[{"href":"https:\/\/clubtenerifemasters.com\/index.php\/wp-json\/wp\/v2\/pages"}],"about":[{"href":"https:\/\/clubtenerifemasters.com\/index.php\/wp-json\/wp\/v2\/types\/page"}],"author":[{"embeddable":true,"href":"https:\/\/clubtenerifemasters.com\/index.php\/wp-json\/wp\/v2\/users\/1"}],"replies":[{"embeddable":true,"href":"https:\/\/clubtenerifemasters.com\/index.php\/wp-json\/wp\/v2\/comments?post=6616"}],"version-history":[{"count":9,"href":"https:\/\/clubtenerifemasters.com\/index.php\/wp-json\/wp\/v2\/pages\/6616\/revisions"}],"predecessor-version":[{"id":7039,"href":"https:\/\/clubtenerifemasters.com\/index.php\/wp-json\/wp\/v2\/pages\/6616\/revisions\/7039"}],"up":[{"embeddable":true,"href":"https:\/\/clubtenerifemasters.com\/index.php\/wp-json\/wp\/v2\/pages\/6241"}],"wp:attachment":[{"href":"https:\/\/clubtenerifemasters.com\/index.php\/wp-json\/wp\/v2\/media?parent=6616"}],"curies":[{"name":"wp","href":"https:\/\/api.w.org\/{rel}","templated":true}]}}