{"id":7378,"date":"2024-01-11T04:43:16","date_gmt":"2024-01-11T04:43:16","guid":{"rendered":"https:\/\/clubtenerifemasters.com\/?page_id=7378"},"modified":"2024-01-11T04:45:56","modified_gmt":"2024-01-11T04:45:56","slug":"politica-de-cookies","status":"publish","type":"page","link":"https:\/\/clubtenerifemasters.com\/index.php\/politica-de-cookies\/","title":{"rendered":"Pol\u00edtica de Cookies"},"content":{"rendered":"\n<p><strong>\u00bfQU\u00c9 SON LAS COOKIES?<\/strong><\/p>\n\n\n\n<p>Una cookie es un fichero que se descarga en su ordenador al acceder a determinadas p\u00e1ginas web. Las cookies permiten a una p\u00e1gina web, entre otras cosas, almacenar y recuperar informaci\u00f3n sobre los h\u00e1bitos de navegaci\u00f3n de un usuario o de su equipo y, dependiendo de la informaci\u00f3n que contengan y de la forma en que utilice su equipo, pueden utilizarse para reconocer al usuario.\u00a0<\/p>\n\n\n\n<div style=\"height:30px\" aria-hidden=\"true\" class=\"wp-block-spacer\"><\/div>\n\n\n\n<p><strong>\u00bfTIPOS DE COOKIES?<\/strong><\/p>\n\n\n\n<p><strong><u>Cookies de an\u00e1lisis<\/u><\/strong>: Son aqu\u00e9llas que bien tratadas por nosotros o por terceros, nos permiten cuantificar el n\u00famero de usuarios y as\u00ed realizar la medici\u00f3n y an\u00e1lisis estad\u00edstico de la utilizaci\u00f3n que hacen los usuarios del servicio ofertado. Para ello se analiza su navegaci\u00f3n en nuestra p\u00e1gina web con el fin de mejorar la oferta de productos o servicios que le ofrecemos.<\/p>\n\n\n\n<p><\/p>\n\n\n\n<p><strong><u>Cookies t\u00e9cnicas<\/u><\/strong>: Son aquellas que permiten al usuario la navegaci\u00f3n a trav\u00e9s del \u00e1rea restringida y la utilizaci\u00f3n de sus diferentes funciones como, por ejemplo, llevar a cambio el proceso de compra de un art\u00edculo.<\/p>\n\n\n\n<p><\/p>\n\n\n\n<p><strong><u>Cookies de personalizaci\u00f3n<\/u><\/strong>: Son aquellas que permiten al usuario acceder al servicio con algunas caracter\u00edsticas de car\u00e1cter general predefinidas en funci\u00f3n de una serie de criterios en el terminal del usuario como por ejemplo serian el idioma o el tipo de navegador a trav\u00e9s del cual se conecta al servicio.<\/p>\n\n\n\n<p><\/p>\n\n\n\n<p><strong><u>Cookies publicitarias<\/u><\/strong>: Son aqu\u00e9llas que, bien tratadas por esta web o por terceros, permiten gestionar de la forma m\u00e1s eficaz posible la oferta de los espacios publicitarios que hay en la p\u00e1gina web, adecuando el contenido del anuncio al contenido del servicio solicitado o al uso que realice de nuestra p\u00e1gina web. Para ello podemos analizar sus h\u00e1bitos de navegaci\u00f3n en Internet y podemos mostrarle publicidad relacionada con su perfil de navegaci\u00f3n.<\/p>\n\n\n\n<p><\/p>\n\n\n\n<p><strong><u>Cookies de publicidad comportamental<\/u><\/strong>: Son aquellas que permiten la gesti\u00f3n, de la forma m\u00e1s eficaz posible, de los espacios publicitarios que, en su caso, el editor haya incluido en una p\u00e1gina web, aplicaci\u00f3n o plataforma desde la que presta el servicio solicitado. Este tipo de cookies almacenan informaci\u00f3n del comportamiento de los visitantes obtenida a trav\u00e9s de la observaci\u00f3n continuada de sus h\u00e1bitos de navegaci\u00f3n, lo que permite desarrollar un perfil espec\u00edfico para mostrar avisos publicitarios en funci\u00f3n del mismo.<\/p>\n\n\n\n<div style=\"height:30px\" aria-hidden=\"true\" class=\"wp-block-spacer\"><\/div>\n\n\n\n<p>&nbsp;<strong>TIPOS DE COOKIES EXISTENTES EN LA WEB<\/strong><\/p>\n\n\n\n<div class=\"wp-block-columns is-layout-flex wp-container-core-columns-is-layout-9d6595d7 wp-block-columns-is-layout-flex\">\n<div class=\"wp-block-column is-layout-flow wp-block-column-is-layout-flow\" style=\"flex-basis:100%\">\n<figure class=\"wp-block-table\"><table class=\"has-fixed-layout\"><tbody><tr><td>Cookie<\/td><td>Duraci\u00f3n<\/td><td>Prop\u00f3sito<\/td><\/tr><tr><td>devicePixelRatio<\/td><td>Por defecto del navegador (1 a\u00f1o)<\/td><td>Se utiliza para hacer que el sitio adaptable al tama\u00f1o de la pantalla del visitante.<\/td><\/tr><\/tbody><\/table><\/figure>\n<\/div>\n<\/div>\n\n\n\n<div style=\"height:30px\" aria-hidden=\"true\" class=\"wp-block-spacer\"><\/div>\n\n\n\n<p><strong>DESACTIVAR LAS COOKIES.<\/strong><\/p>\n\n\n\n<p>Puede usted&nbsp;<strong>permitir, bloquear o eliminar las cookies<\/strong>&nbsp;instaladas en su equipo mediante la configuraci\u00f3n de las opciones del navegador instalado en su ordenador.<\/p>\n\n\n\n<p>En la mayor\u00eda de los navegadores web se ofrece la posibilidad de permitir, bloquear o eliminar las cookies instaladas en su equipo.<\/p>\n\n\n\n<div style=\"height:30px\" aria-hidden=\"true\" class=\"wp-block-spacer\"><\/div>\n\n\n\n<p><strong>ADVERTENCIA SOBRE ELIMINAR COOKIES.<\/strong><\/p>\n\n\n\n<p>El usuario puede configurar su navegador para aceptar, o no, las cookies que recibe. Si se deshabilitan algunas cookies t\u00e9cnicas no se garantiza el correcto funcionamiento de algunas de las utilidades de la web. Si tiene cualquier duda acerca de nuestra pol\u00edtica de cookies, puede contactar con esta p\u00e1gina web a trav\u00e9s de nuestros canal de <a href=\"https:\/\/clubtenerifemasters.com\/index.php\/contacto\/\">Contacto.<\/a><\/p>\n","protected":false},"excerpt":{"rendered":"<p>\u00bfQU\u00c9 SON LAS COOKIES? Una cookie es un fichero que se descarga en su ordenador al acceder a determinadas p\u00e1ginas web. Las cookies permiten a una p\u00e1gina web, entre otras cosas, almacenar y recuperar informaci\u00f3n sobre los h\u00e1bitos de navegaci\u00f3n de un usuario o de su equipo y, dependiendo de la informaci\u00f3n que contengan y &hellip; <\/p>\n<p class=\"link-more\"><a href=\"https:\/\/clubtenerifemasters.com\/index.php\/politica-de-cookies\/\" class=\"more-link\">Continue reading<span class=\"screen-reader-text\"> &#8220;Pol\u00edtica de Cookies&#8221;<\/span><\/a><\/p>\n","protected":false},"author":1,"featured_media":0,"parent":0,"menu_order":0,"comment_status":"closed","ping_status":"closed","template":"","meta":{"_regular_price":[],"currency_symbol":[],"_s2mail":"","footnotes":""},"class_list":["post-7378","page","type-page","status-publish","hentry"],"post_slider_layout_featured_media_urls":{"thumbnail":"","post_slider_layout_landscape_large":"","post_slider_layout_portrait_large":"","post_slider_layout_square_large":"","post_slider_layout_landscape":"","post_slider_layout_portrait":"","post_slider_layout_square":"","full":""},"_links":{"self":[{"href":"https:\/\/clubtenerifemasters.com\/index.php\/wp-json\/wp\/v2\/pages\/7378","targetHints":{"allow":["GET"]}}],"collection":[{"href":"https:\/\/clubtenerifemasters.com\/index.php\/wp-json\/wp\/v2\/pages"}],"about":[{"href":"https:\/\/clubtenerifemasters.com\/index.php\/wp-json\/wp\/v2\/types\/page"}],"author":[{"embeddable":true,"href":"https:\/\/clubtenerifemasters.com\/index.php\/wp-json\/wp\/v2\/users\/1"}],"replies":[{"embeddable":true,"href":"https:\/\/clubtenerifemasters.com\/index.php\/wp-json\/wp\/v2\/comments?post=7378"}],"version-history":[{"count":1,"href":"https:\/\/clubtenerifemasters.com\/index.php\/wp-json\/wp\/v2\/pages\/7378\/revisions"}],"predecessor-version":[{"id":7379,"href":"https:\/\/clubtenerifemasters.com\/index.php\/wp-json\/wp\/v2\/pages\/7378\/revisions\/7379"}],"wp:attachment":[{"href":"https:\/\/clubtenerifemasters.com\/index.php\/wp-json\/wp\/v2\/media?parent=7378"}],"curies":[{"name":"wp","href":"https:\/\/api.w.org\/{rel}","templated":true}]}}