{"id":7577,"date":"2025-02-25T04:39:57","date_gmt":"2025-02-25T04:39:57","guid":{"rendered":"https:\/\/clubtenerifemasters.com\/?page_id=7577"},"modified":"2025-02-26T03:25:21","modified_gmt":"2025-02-26T03:25:21","slug":"portal-de-transparencia","status":"publish","type":"page","link":"https:\/\/clubtenerifemasters.com\/index.php\/portal-de-transparencia\/","title":{"rendered":"Portal de Transparencia"},"content":{"rendered":"\n<p><\/p>\n\n\n\n<h2 class=\"wp-block-heading has-luminous-vivid-orange-background-color has-background\">Club Tenerife M\u00e1sters<\/h2>\n\n\n\n<p class=\"has-black-color has-text-color has-link-color wp-elements-3412eb1666910ccc14aca113790bf3e5\">En cumplimiento del art\u00edculo 3.1, letra b), en relaci\u00f3n con el art\u00edculo 13 de la Ley 12\/2014, de 26 de diciembre, de transparencia y de acceso a la informaci\u00f3n p\u00fablica, las entidades que hubieran percibido durante el per\u00edodo de un a\u00f1o inmediatamente anterior al momento de la solicitud de subvenciones p\u00fablicas en una cuant\u00eda superior a 60.000 euros o cuando al menos el 30% del total de sus ingresos anuales tengan el car\u00e1cter de ayuda o subvenci\u00f3n p\u00fablica, siempre que alcancen como m\u00ednimo la cantidad de 5.000 euros, deber\u00e1n realizar una publicidad activa de las subvenciones obtenidas, por lo que se publica la siguiente informaci\u00f3n:<\/p>\n\n\n\n<div style=\"height:20px\" aria-hidden=\"true\" class=\"wp-block-spacer\"><\/div>\n\n\n\n<ul class=\"wp-block-list\">\n<li><strong><a href=\"https:\/\/transparenciacanarias.org\/\" target=\"_blank\" rel=\"noreferrer noopener\">Comisionado de Transparencia de Canarias<\/a><\/strong><\/li>\n\n\n\n<li><strong><a href=\"https:\/\/www.boe.es\/buscar\/doc.php?id=BOE-A-2015-1114\" target=\"_blank\" rel=\"noreferrer noopener\">Ley de Transparencia de Canarias<\/a><\/strong><\/li>\n<\/ul>\n\n\n\n<div style=\"height:20px\" aria-hidden=\"true\" class=\"wp-block-spacer\"><\/div>\n\n\n\n<h2 class=\"wp-block-heading has-luminous-vivid-orange-background-color has-background\">Informaci\u00f3n<\/h2>\n\n\n\n<p><a href=\"https:\/\/cdheidelberg.es\/transparencia\/informacion-institucional\/\"><\/a><\/p>\n\n\n\n<p>INFORMACI\u00d3N INSTITUCIONAL<\/p>\n\n\n\n<p>INFORMACI\u00d3N ORGANIZATIVA<\/p>\n\n\n\n<p>INFORMACI\u00d3N ECON\u00d3MICO-FINANCIERA<\/p>\n\n\n\n<p>INFORMACI\u00d3N DE AYUDAS Y SUBVENCIONES<\/p>\n\n\n\n<p>MEMORIAS ANUALES DE ACTIVIDAD<\/p>\n\n\n\n<p><\/p>\n\n\n\n<p><\/p>\n","protected":false},"excerpt":{"rendered":"<p>Club Tenerife M\u00e1sters En cumplimiento del art\u00edculo 3.1, letra b), en relaci\u00f3n con el art\u00edculo 13 de la Ley 12\/2014, de 26 de diciembre, de transparencia y de acceso a la informaci\u00f3n p\u00fablica, las entidades que hubieran percibido durante el per\u00edodo de un a\u00f1o inmediatamente anterior al momento de la solicitud de subvenciones p\u00fablicas en &hellip; <\/p>\n<p class=\"link-more\"><a href=\"https:\/\/clubtenerifemasters.com\/index.php\/portal-de-transparencia\/\" class=\"more-link\">Continue reading<span class=\"screen-reader-text\"> &#8220;Portal de Transparencia&#8221;<\/span><\/a><\/p>\n","protected":false},"author":1,"featured_media":7572,"parent":0,"menu_order":0,"comment_status":"closed","ping_status":"closed","template":"","meta":{"_regular_price":[],"currency_symbol":[],"_s2mail":"yes","footnotes":""},"class_list":["post-7577","page","type-page","status-publish","has-post-thumbnail","hentry"],"post_slider_layout_featured_media_urls":{"thumbnail":["https:\/\/clubtenerifemasters.com\/wp-content\/uploads\/2025\/01\/WhatsApp-Image-2024-12-31-at-13.46.32-4-150x150.jpeg",150,150,true],"post_slider_layout_landscape_large":["https:\/\/clubtenerifemasters.com\/wp-content\/uploads\/2025\/01\/WhatsApp-Image-2024-12-31-at-13.46.32-4-1170x800.jpeg",1170,800,true],"post_slider_layout_portrait_large":["https:\/\/clubtenerifemasters.com\/wp-content\/uploads\/2025\/01\/WhatsApp-Image-2024-12-31-at-13.46.32-4.jpeg",1170,852,false],"post_slider_layout_square_large":["https:\/\/clubtenerifemasters.com\/wp-content\/uploads\/2025\/01\/WhatsApp-Image-2024-12-31-at-13.46.32-4.jpeg",1170,852,false],"post_slider_layout_landscape":["https:\/\/clubtenerifemasters.com\/wp-content\/uploads\/2025\/01\/WhatsApp-Image-2024-12-31-at-13.46.32-4-600x400.jpeg",600,400,true],"post_slider_layout_portrait":["https:\/\/clubtenerifemasters.com\/wp-content\/uploads\/2025\/01\/WhatsApp-Image-2024-12-31-at-13.46.32-4-600x852.jpeg",600,852,true],"post_slider_layout_square":["https:\/\/clubtenerifemasters.com\/wp-content\/uploads\/2025\/01\/WhatsApp-Image-2024-12-31-at-13.46.32-4-600x600.jpeg",600,600,true],"full":["https:\/\/clubtenerifemasters.com\/wp-content\/uploads\/2025\/01\/WhatsApp-Image-2024-12-31-at-13.46.32-4.jpeg",1170,852,false]},"_links":{"self":[{"href":"https:\/\/clubtenerifemasters.com\/index.php\/wp-json\/wp\/v2\/pages\/7577","targetHints":{"allow":["GET"]}}],"collection":[{"href":"https:\/\/clubtenerifemasters.com\/index.php\/wp-json\/wp\/v2\/pages"}],"about":[{"href":"https:\/\/clubtenerifemasters.com\/index.php\/wp-json\/wp\/v2\/types\/page"}],"author":[{"embeddable":true,"href":"https:\/\/clubtenerifemasters.com\/index.php\/wp-json\/wp\/v2\/users\/1"}],"replies":[{"embeddable":true,"href":"https:\/\/clubtenerifemasters.com\/index.php\/wp-json\/wp\/v2\/comments?post=7577"}],"version-history":[{"count":1,"href":"https:\/\/clubtenerifemasters.com\/index.php\/wp-json\/wp\/v2\/pages\/7577\/revisions"}],"predecessor-version":[{"id":7580,"href":"https:\/\/clubtenerifemasters.com\/index.php\/wp-json\/wp\/v2\/pages\/7577\/revisions\/7580"}],"wp:featuredmedia":[{"embeddable":true,"href":"https:\/\/clubtenerifemasters.com\/index.php\/wp-json\/wp\/v2\/media\/7572"}],"wp:attachment":[{"href":"https:\/\/clubtenerifemasters.com\/index.php\/wp-json\/wp\/v2\/media?parent=7577"}],"curies":[{"name":"wp","href":"https:\/\/api.w.org\/{rel}","templated":true}]}}